{"id":3704,"date":"2024-05-03T18:21:05","date_gmt":"2024-05-03T18:21:05","guid":{"rendered":"https:\/\/lionstudios.fr\/?page_id=3704"},"modified":"2024-10-17T18:38:11","modified_gmt":"2024-10-17T18:38:11","slug":"studio-denregistrement","status":"publish","type":"page","link":"http:\/\/lionstudios.fr\/it\/studio-denregistrement\/","title":{"rendered":"Studio di registrazione"},"content":{"rendered":"<div data-elementor-type=\"wp-page\" data-elementor-id=\"3704\" class=\"elementor elementor-3704\" data-elementor-post-type=\"page\">\n\t\t\t\t\t\t<section class=\"elementor-section elementor-top-section elementor-element elementor-element-a311dca elementor-section-height-min-height elementor-section-boxed elementor-section-height-default elementor-section-items-middle\" data-id=\"a311dca\" data-element_type=\"section\" data-settings=\"{&quot;jet_parallax_layout_list&quot;:[{&quot;jet_parallax_layout_image&quot;:{&quot;url&quot;:&quot;&quot;,&quot;id&quot;:&quot;&quot;,&quot;size&quot;:&quot;&quot;},&quot;_id&quot;:&quot;887d495&quot;,&quot;jet_parallax_layout_image_tablet&quot;:{&quot;url&quot;:&quot;&quot;,&quot;id&quot;:&quot;&quot;,&quot;size&quot;:&quot;&quot;},&quot;jet_parallax_layout_image_mobile&quot;:{&quot;url&quot;:&quot;&quot;,&quot;id&quot;:&quot;&quot;,&quot;size&quot;:&quot;&quot;},&quot;jet_parallax_layout_speed&quot;:{&quot;unit&quot;:&quot;%&quot;,&quot;size&quot;:50,&quot;sizes&quot;:[]},&quot;jet_parallax_layout_type&quot;:&quot;scroll&quot;,&quot;jet_parallax_layout_direction&quot;:null,&quot;jet_parallax_layout_fx_direction&quot;:null,&quot;jet_parallax_layout_z_index&quot;:&quot;&quot;,&quot;jet_parallax_layout_bg_x&quot;:50,&quot;jet_parallax_layout_bg_x_tablet&quot;:&quot;&quot;,&quot;jet_parallax_layout_bg_x_mobile&quot;:&quot;&quot;,&quot;jet_parallax_layout_bg_y&quot;:50,&quot;jet_parallax_layout_bg_y_tablet&quot;:&quot;&quot;,&quot;jet_parallax_layout_bg_y_mobile&quot;:&quot;&quot;,&quot;jet_parallax_layout_bg_size&quot;:&quot;auto&quot;,&quot;jet_parallax_layout_bg_size_tablet&quot;:&quot;&quot;,&quot;jet_parallax_layout_bg_size_mobile&quot;:&quot;&quot;,&quot;jet_parallax_layout_animation_prop&quot;:&quot;transform&quot;,&quot;jet_parallax_layout_on&quot;:[&quot;desktop&quot;,&quot;tablet&quot;]}],&quot;background_background&quot;:&quot;slideshow&quot;,&quot;background_slideshow_gallery&quot;:[{&quot;id&quot;:3591,&quot;url&quot;:&quot;http:\\\/\\\/lionstudios.fr\\\/wp-content\\\/uploads\\\/2024\\\/04\\\/LION-STUDIOS-ENSEMBLE-ALKYMIA-TITOUAN-MASSE-7.jpg&quot;}],&quot;background_slideshow_loop&quot;:&quot;yes&quot;,&quot;background_slideshow_slide_duration&quot;:5000,&quot;background_slideshow_slide_transition&quot;:&quot;fade&quot;,&quot;background_slideshow_transition_duration&quot;:500}\">\n\t\t\t\t\t\t\t<div class=\"elementor-background-overlay\"><\/div>\n\t\t\t\t\t\t\t<div class=\"elementor-container elementor-column-gap-default\">\n\t\t\t\t\t<div class=\"elementor-column elementor-col-100 elementor-top-column elementor-element elementor-element-bb61490\" data-id=\"bb61490\" data-element_type=\"column\">\n\t\t\t<div class=\"elementor-widget-wrap elementor-element-populated\">\n\t\t\t\t\t\t<div class=\"elementor-element elementor-element-8a92b92 elementor-widget elementor-widget-heading\" data-id=\"8a92b92\" data-element_type=\"widget\" data-widget_type=\"heading.default\">\n\t\t\t\t<div class=\"elementor-widget-container\">\n\t\t\t\t\t<h2 class=\"elementor-heading-title elementor-size-default\">Studio di registrazione<\/h2>\t\t\t\t<\/div>\n\t\t\t\t<\/div>\n\t\t\t\t\t<\/div>\n\t\t<\/div>\n\t\t\t\t\t<\/div>\n\t\t<\/section>\n\t\t\t\t<section class=\"elementor-section elementor-top-section elementor-element elementor-element-4d39785 elementor-section-boxed elementor-section-height-default elementor-section-height-default\" data-id=\"4d39785\" data-element_type=\"section\" data-settings=\"{&quot;jet_parallax_layout_list&quot;:[]}\">\n\t\t\t\t\t\t<div class=\"elementor-container elementor-column-gap-default\">\n\t\t\t\t\t<div class=\"elementor-column elementor-col-100 elementor-top-column elementor-element elementor-element-155d901\" data-id=\"155d901\" data-element_type=\"column\">\n\t\t\t<div class=\"elementor-widget-wrap elementor-element-populated\">\n\t\t\t\t\t\t<section class=\"elementor-section elementor-inner-section elementor-element elementor-element-cd2721d elementor-section-boxed elementor-section-height-default elementor-section-height-default\" data-id=\"cd2721d\" data-element_type=\"section\" data-settings=\"{&quot;jet_parallax_layout_list&quot;:[{&quot;jet_parallax_layout_image&quot;:{&quot;url&quot;:&quot;&quot;,&quot;id&quot;:&quot;&quot;,&quot;size&quot;:&quot;&quot;},&quot;_id&quot;:&quot;049e5fd&quot;,&quot;jet_parallax_layout_image_tablet&quot;:{&quot;url&quot;:&quot;&quot;,&quot;id&quot;:&quot;&quot;,&quot;size&quot;:&quot;&quot;},&quot;jet_parallax_layout_image_mobile&quot;:{&quot;url&quot;:&quot;&quot;,&quot;id&quot;:&quot;&quot;,&quot;size&quot;:&quot;&quot;},&quot;jet_parallax_layout_speed&quot;:{&quot;unit&quot;:&quot;%&quot;,&quot;size&quot;:50,&quot;sizes&quot;:[]},&quot;jet_parallax_layout_type&quot;:&quot;scroll&quot;,&quot;jet_parallax_layout_direction&quot;:null,&quot;jet_parallax_layout_fx_direction&quot;:null,&quot;jet_parallax_layout_z_index&quot;:&quot;&quot;,&quot;jet_parallax_layout_bg_x&quot;:50,&quot;jet_parallax_layout_bg_x_tablet&quot;:&quot;&quot;,&quot;jet_parallax_layout_bg_x_mobile&quot;:&quot;&quot;,&quot;jet_parallax_layout_bg_y&quot;:50,&quot;jet_parallax_layout_bg_y_tablet&quot;:&quot;&quot;,&quot;jet_parallax_layout_bg_y_mobile&quot;:&quot;&quot;,&quot;jet_parallax_layout_bg_size&quot;:&quot;auto&quot;,&quot;jet_parallax_layout_bg_size_tablet&quot;:&quot;&quot;,&quot;jet_parallax_layout_bg_size_mobile&quot;:&quot;&quot;,&quot;jet_parallax_layout_animation_prop&quot;:&quot;transform&quot;,&quot;jet_parallax_layout_on&quot;:[&quot;desktop&quot;,&quot;tablet&quot;]}]}\">\n\t\t\t\t\t\t<div class=\"elementor-container elementor-column-gap-default\">\n\t\t\t\t\t<div class=\"elementor-column elementor-col-100 elementor-inner-column elementor-element elementor-element-e7d4c9a\" data-id=\"e7d4c9a\" data-element_type=\"column\">\n\t\t\t<div class=\"elementor-widget-wrap elementor-element-populated\">\n\t\t\t\t\t\t<div class=\"elementor-element elementor-element-cc3b5dc elementor-widget-tablet__width-inherit elementor-invisible elementor-widget elementor-widget-heading\" data-id=\"cc3b5dc\" data-element_type=\"widget\" data-settings=\"{&quot;_animation&quot;:&quot;fadeInUp&quot;,&quot;_animation_delay&quot;:300}\" data-widget_type=\"heading.default\">\n\t\t\t\t<div class=\"elementor-widget-container\">\n\t\t\t\t\t<h2 class=\"elementor-heading-title elementor-size-default\">Studio & H\u00e9bergement<\/h2>\t\t\t\t<\/div>\n\t\t\t\t<\/div>\n\t\t\t\t<div class=\"elementor-element elementor-element-932fbd3 animated-slow elementor-arrows-position-inside elementor-pagination-position-outside elementor-invisible elementor-widget elementor-widget-image-carousel\" data-id=\"932fbd3\" data-element_type=\"widget\" data-settings=\"{&quot;slides_to_show&quot;:&quot;1&quot;,&quot;_animation&quot;:&quot;fadeInUp&quot;,&quot;_animation_delay&quot;:400,&quot;navigation&quot;:&quot;both&quot;,&quot;autoplay&quot;:&quot;yes&quot;,&quot;pause_on_hover&quot;:&quot;yes&quot;,&quot;pause_on_interaction&quot;:&quot;yes&quot;,&quot;autoplay_speed&quot;:5000,&quot;infinite&quot;:&quot;yes&quot;,&quot;effect&quot;:&quot;slide&quot;,&quot;speed&quot;:500}\" data-widget_type=\"image-carousel.default\">\n\t\t\t\t<div class=\"elementor-widget-container\">\n\t\t\t\t\t\t\t<div class=\"elementor-image-carousel-wrapper swiper\" role=\"region\" aria-roledescription=\"carousel\" aria-label=\"Carosello d&#039;immagini\" dir=\"ltr\">\n\t\t\t<div class=\"elementor-image-carousel swiper-wrapper\" aria-live=\"off\">\n\t\t\t\t\t\t\t\t<div class=\"swiper-slide\" role=\"group\" aria-roledescription=\"slide\" aria-label=\"1 di 1\"><figure class=\"swiper-slide-inner\"><img decoding=\"async\" class=\"swiper-slide-image\" src=\"http:\/\/lionstudios.fr\/wp-content\/uploads\/2024\/05\/Studio-2.jpg\" alt=\"Studio-2\" \/><\/figure><\/div>\t\t\t<\/div>\n\t\t\t\t\t<\/div>\n\t\t\t\t\t\t<\/div>\n\t\t\t\t<\/div>\n\t\t\t\t\t<\/div>\n\t\t<\/div>\n\t\t\t\t\t<\/div>\n\t\t<\/section>\n\t\t\t\t\t<\/div>\n\t\t<\/div>\n\t\t\t\t\t<\/div>\n\t\t<\/section>\n\t\t<div class=\"elementor-element elementor-element-bef9ca2 e-flex e-con-boxed e-con e-parent\" data-id=\"bef9ca2\" data-element_type=\"container\" data-settings=\"{&quot;background_background&quot;:&quot;classic&quot;,&quot;jet_parallax_layout_list&quot;:[]}\">\n\t\t\t\t\t<div class=\"e-con-inner\">\n\t\t<div class=\"elementor-element elementor-element-e871615 e-con-full e-flex e-con e-child\" data-id=\"e871615\" data-element_type=\"container\" data-settings=\"{&quot;jet_parallax_layout_list&quot;:[]}\">\n\t\t\t\t<div class=\"elementor-element elementor-element-a970cff elementor-widget elementor-widget-gallery\" data-id=\"a970cff\" data-element_type=\"widget\" data-settings=\"{&quot;columns&quot;:1,&quot;lazyload&quot;:&quot;yes&quot;,&quot;gallery_layout&quot;:&quot;grid&quot;,&quot;columns_tablet&quot;:2,&quot;columns_mobile&quot;:1,&quot;gap&quot;:{&quot;unit&quot;:&quot;px&quot;,&quot;size&quot;:10,&quot;sizes&quot;:[]},&quot;gap_tablet&quot;:{&quot;unit&quot;:&quot;px&quot;,&quot;size&quot;:10,&quot;sizes&quot;:[]},&quot;gap_mobile&quot;:{&quot;unit&quot;:&quot;px&quot;,&quot;size&quot;:10,&quot;sizes&quot;:[]},&quot;link_to&quot;:&quot;file&quot;,&quot;aspect_ratio&quot;:&quot;3:2&quot;,&quot;overlay_background&quot;:&quot;yes&quot;,&quot;content_hover_animation&quot;:&quot;fade-in&quot;}\" data-widget_type=\"gallery.default\">\n\t\t\t\t<div class=\"elementor-widget-container\">\n\t\t\t\t\t\t\t<div class=\"elementor-gallery__container\">\n\t\t\t\t\t\t\t<a class=\"e-gallery-item elementor-gallery-item elementor-animated-content\" href=\"http:\/\/lionstudios.fr\/wp-content\/uploads\/2024\/05\/Lion-Studios-Salon.jpg\" data-elementor-open-lightbox=\"yes\" data-elementor-lightbox-slideshow=\"a970cff\" data-elementor-lightbox-title=\"Lion-Studios-Salon\" data-e-action-hash=\"#elementor-action%3Aaction%3Dlightbox%26settings%3DeyJpZCI6MzYyMiwidXJsIjoiaHR0cDpcL1wvbGlvbnN0dWRpb3MuZnJcL3dwLWNvbnRlbnRcL3VwbG9hZHNcLzIwMjRcLzA1XC9MaW9uLVN0dWRpb3MtU2Fsb24uanBnIiwic2xpZGVzaG93IjoiYTk3MGNmZiJ9\">\n\t\t\t\t\t<div class=\"e-gallery-image elementor-gallery-item__image\" data-thumbnail=\"http:\/\/lionstudios.fr\/wp-content\/uploads\/2024\/05\/Lion-Studios-Salon.jpg\" data-width=\"1600\" data-height=\"1068\" aria-label=\"\" role=\"img\" ><\/div>\n\t\t\t\t\t\t\t\t\t\t\t<div class=\"elementor-gallery-item__overlay\"><\/div>\n\t\t\t\t\t\t\t\t\t\t\t\t\t\t<\/a>\n\t\t\t\t\t\t\t<a class=\"e-gallery-item elementor-gallery-item elementor-animated-content\" href=\"http:\/\/lionstudios.fr\/wp-content\/uploads\/2024\/04\/LION-STUDIOS-ENSEMBLE-ALKYMIA-TITOUAN-MASSE-7.jpg\" data-elementor-open-lightbox=\"yes\" data-elementor-lightbox-slideshow=\"a970cff\" data-elementor-lightbox-title=\"LION-STUDIOS---ENSEMBLE-ALKYMIA---TITOUAN-MASSE\u0301-7\" data-e-action-hash=\"#elementor-action%3Aaction%3Dlightbox%26settings%3DeyJpZCI6MzU5MSwidXJsIjoiaHR0cDpcL1wvbGlvbnN0dWRpb3MuZnJcL3dwLWNvbnRlbnRcL3VwbG9hZHNcLzIwMjRcLzA0XC9MSU9OLVNUVURJT1MtRU5TRU1CTEUtQUxLWU1JQS1USVRPVUFOLU1BU1NFLTcuanBnIiwic2xpZGVzaG93IjoiYTk3MGNmZiJ9\">\n\t\t\t\t\t<div class=\"e-gallery-image elementor-gallery-item__image\" data-thumbnail=\"http:\/\/lionstudios.fr\/wp-content\/uploads\/2024\/04\/LION-STUDIOS-ENSEMBLE-ALKYMIA-TITOUAN-MASSE-7.jpg\" data-width=\"1400\" data-height=\"934\" aria-label=\"\" role=\"img\" ><\/div>\n\t\t\t\t\t\t\t\t\t\t\t<div class=\"elementor-gallery-item__overlay\"><\/div>\n\t\t\t\t\t\t\t\t\t\t\t\t\t\t<\/a>\n\t\t\t\t\t\t\t<a class=\"e-gallery-item elementor-gallery-item elementor-animated-content\" href=\"http:\/\/lionstudios.fr\/wp-content\/uploads\/2024\/04\/LION-STUDIOS-ENSEMBLE-ALKYMIA-TITOUAN-MASSE-9.jpg\" data-elementor-open-lightbox=\"yes\" data-elementor-lightbox-slideshow=\"a970cff\" data-elementor-lightbox-title=\"LION-STUDIOS---ENSEMBLE-ALKYMIA---TITOUAN-MASSE\u0301-9\" data-e-action-hash=\"#elementor-action%3Aaction%3Dlightbox%26settings%3DeyJpZCI6MzU5MiwidXJsIjoiaHR0cDpcL1wvbGlvbnN0dWRpb3MuZnJcL3dwLWNvbnRlbnRcL3VwbG9hZHNcLzIwMjRcLzA0XC9MSU9OLVNUVURJT1MtRU5TRU1CTEUtQUxLWU1JQS1USVRPVUFOLU1BU1NFLTkuanBnIiwic2xpZGVzaG93IjoiYTk3MGNmZiJ9\">\n\t\t\t\t\t<div class=\"e-gallery-image elementor-gallery-item__image\" data-thumbnail=\"http:\/\/lionstudios.fr\/wp-content\/uploads\/2024\/04\/LION-STUDIOS-ENSEMBLE-ALKYMIA-TITOUAN-MASSE-9.jpg\" data-width=\"1400\" data-height=\"934\" aria-label=\"\" role=\"img\" ><\/div>\n\t\t\t\t\t\t\t\t\t\t\t<div class=\"elementor-gallery-item__overlay\"><\/div>\n\t\t\t\t\t\t\t\t\t\t\t\t\t\t<\/a>\n\t\t\t\t\t\t\t<a class=\"e-gallery-item elementor-gallery-item elementor-animated-content\" href=\"http:\/\/lionstudios.fr\/wp-content\/uploads\/2024\/04\/LION-STUDIOS-ENSEMBLE-ALKYMIA-TITOUAN-MASSE-12.jpg\" data-elementor-open-lightbox=\"yes\" data-elementor-lightbox-slideshow=\"a970cff\" data-elementor-lightbox-title=\"LION-STUDIOS---ENSEMBLE-ALKYMIA---TITOUAN-MASSE\u0301-12\" data-e-action-hash=\"#elementor-action%3Aaction%3Dlightbox%26settings%3DeyJpZCI6MzU5MywidXJsIjoiaHR0cDpcL1wvbGlvbnN0dWRpb3MuZnJcL3dwLWNvbnRlbnRcL3VwbG9hZHNcLzIwMjRcLzA0XC9MSU9OLVNUVURJT1MtRU5TRU1CTEUtQUxLWU1JQS1USVRPVUFOLU1BU1NFLTEyLmpwZyIsInNsaWRlc2hvdyI6ImE5NzBjZmYifQ%3D%3D\">\n\t\t\t\t\t<div class=\"e-gallery-image elementor-gallery-item__image\" data-thumbnail=\"http:\/\/lionstudios.fr\/wp-content\/uploads\/2024\/04\/LION-STUDIOS-ENSEMBLE-ALKYMIA-TITOUAN-MASSE-12.jpg\" data-width=\"1400\" data-height=\"934\" aria-label=\"\" role=\"img\" ><\/div>\n\t\t\t\t\t\t\t\t\t\t\t<div class=\"elementor-gallery-item__overlay\"><\/div>\n\t\t\t\t\t\t\t\t\t\t\t\t\t\t<\/a>\n\t\t\t\t\t\t\t<a class=\"e-gallery-item elementor-gallery-item elementor-animated-content\" href=\"http:\/\/lionstudios.fr\/wp-content\/uploads\/2024\/02\/Studio-Lions-\u252c\u00aeAntoine-Mercusot-Chatillon-Architectes.jpg\" data-elementor-open-lightbox=\"yes\" data-elementor-lightbox-slideshow=\"a970cff\" data-elementor-lightbox-title=\"Studio Lions \u252c\u00aeAntoine Mercusot-Chatillon Architectes\" data-e-action-hash=\"#elementor-action%3Aaction%3Dlightbox%26settings%3DeyJpZCI6MzU3NCwidXJsIjoiaHR0cDpcL1wvbGlvbnN0dWRpb3MuZnJcL3dwLWNvbnRlbnRcL3VwbG9hZHNcLzIwMjRcLzAyXC9TdHVkaW8tTGlvbnMtXHUyNTJjXHUwMGFlQW50b2luZS1NZXJjdXNvdC1DaGF0aWxsb24tQXJjaGl0ZWN0ZXMuanBnIiwic2xpZGVzaG93IjoiYTk3MGNmZiJ9\">\n\t\t\t\t\t<div class=\"e-gallery-image elementor-gallery-item__image\" data-thumbnail=\"http:\/\/lionstudios.fr\/wp-content\/uploads\/2024\/02\/Studio-Lions-\u252c\u00aeAntoine-Mercusot-Chatillon-Architectes.jpg\" data-width=\"1400\" data-height=\"933\" aria-label=\"\" role=\"img\" ><\/div>\n\t\t\t\t\t\t\t\t\t\t\t<div class=\"elementor-gallery-item__overlay\"><\/div>\n\t\t\t\t\t\t\t\t\t\t\t\t\t\t<\/a>\n\t\t\t\t\t<\/div>\n\t\t\t\t\t<\/div>\n\t\t\t\t<\/div>\n\t\t\t\t<\/div>\n\t\t<div class=\"elementor-element elementor-element-d1d0692 e-con-full e-flex e-con e-child\" data-id=\"d1d0692\" data-element_type=\"container\" data-settings=\"{&quot;jet_parallax_layout_list&quot;:[],&quot;sticky&quot;:&quot;top&quot;,&quot;sticky_parent&quot;:&quot;yes&quot;,&quot;sticky_on&quot;:[&quot;desktop&quot;],&quot;sticky_offset&quot;:0,&quot;sticky_effects_offset&quot;:0,&quot;sticky_anchor_link_offset&quot;:0}\">\n\t\t\t\t<div class=\"elementor-element elementor-element-9371d1d elementor-widget elementor-widget-heading\" data-id=\"9371d1d\" data-element_type=\"widget\" data-widget_type=\"heading.default\">\n\t\t\t\t<div class=\"elementor-widget-container\">\n\t\t\t\t\t<h2 class=\"elementor-heading-title elementor-size-default\">Ispirazione in una casa ristrutturata<\/h2>\t\t\t\t<\/div>\n\t\t\t\t<\/div>\n\t\t\t\t<div class=\"elementor-element elementor-element-f9156f7 elementor-widget elementor-widget-text-editor\" data-id=\"f9156f7\" data-element_type=\"widget\" data-widget_type=\"text-editor.default\">\n\t\t\t\t<div class=\"elementor-widget-container\">\n\t\t\t\t\t\t\t\t\t<p>Benvenuto nel nostro esclusivo alloggio, dove tranquillit\u00e0 e creativit\u00e0 si uniscono in un ambiente unico. Situato in una casa restaurata con gusto, questo spazio offre una combinazione perfetta di comfort moderno e fascino rustico. Progettato per soddisfare le esigenze degli artisti pi\u00f9 esigenti, il nostro alloggio \u00e8 ideale per chi cerca ispirazione in un ambiente sereno e storico.<\/p><p><b>Sala prove e di registrazione<\/b><\/p><p>La nostra ampia sala, che offre un'acustica ottimale, \u00e8 adatta sia per le prove che per le registrazioni. \u00c8 anche dotata di una variet\u00e0 di strumenti disponibili per il noleggio. Le pareti sono decorate con legno naturale, offrendo un'ottima insonorizzazione e un ambiente intimo in cui gli artisti possono sperimentare e perfezionare le loro composizioni senza interruzioni.<\/p><p>\u00c8 il luogo ideale affinch\u00e9 i musicisti possano dare vita ai loro progetti pi\u00f9 ambiziosi. Il decor, che combina elementi rustici e tocchi contemporanei, crea un'atmosfera calda e accogliente che invita alla creativit\u00e0.<\/p><p><strong>Due cucine<\/strong><br \/>L'alloggio dispone di due cucine completamente attrezzate, progettate per soddisfare tutte le esigenze culinarie. La prima cucina \u00e8 uno spazio moderno e funzionale, con elettrodomestici di alta qualit\u00e0, piani in granito e un'isola centrale per facilitare la preparazione dei pasti. La seconda cucina conserva il fascino rustico della casa originale, con un grande camino in pietra, un tavolo in legno massiccio e dettagli in rame che evocano un senso di comfort e convivialit\u00e0. Entrambe le cucine sono progettate per offrire un'esperienza unica, che sia per un pasto intimo o per un gruppo pi\u00f9 grande.<\/p><p><strong>Bagni<\/strong><br \/>I bagni della propriet\u00e0 sono progettati per offrire il massimo del comfort e del relax. Ognuno di essi \u00e8 dotato di docce con effetto pioggia e vasche da bagno di altissima qualit\u00e0.<\/p><p><strong>Camera da letto<\/strong><br \/>La camera principale \u00e8 un rifugio di pace e comfort. Dotata di un letto king-size con biancheria di alta qualit\u00e0, offre un sonno ristoratore. Grandi finestre lasciano entrare la luce naturale e offrono una vista mozzafiato sul giardino e sui dintorni. I dettagli in legno e la decorazione curata creano un'atmosfera calda e accogliente, ideale per rilassarsi dopo una giornata produttiva.<\/p>\t\t\t\t\t\t\t\t<\/div>\n\t\t\t\t<\/div>\n\t\t\t\t<\/div>\n\t\t\t\t\t<\/div>\n\t\t\t\t<\/div>\n\t\t<div class=\"elementor-element elementor-element-9272f42 e-flex e-con-boxed e-con e-parent\" data-id=\"9272f42\" data-element_type=\"container\" data-settings=\"{&quot;jet_parallax_layout_list&quot;:[]}\">\n\t\t\t\t\t<div class=\"e-con-inner\">\n\t\t\t\t<div class=\"elementor-element elementor-element-0923829 elementor-widget-tablet__width-inherit elementor-invisible elementor-widget elementor-widget-heading\" data-id=\"0923829\" data-element_type=\"widget\" data-settings=\"{&quot;_animation&quot;:&quot;fadeInUp&quot;,&quot;_animation_delay&quot;:300}\" data-widget_type=\"heading.default\">\n\t\t\t\t<div class=\"elementor-widget-container\">\n\t\t\t\t\t<h2 class=\"elementor-heading-title elementor-size-default\">Tabella dei prezzi<\/h2>\t\t\t\t<\/div>\n\t\t\t\t<\/div>\n\t\t\t\t<div class=\"elementor-element elementor-element-100829c elementor-widget elementor-widget-global elementor-global-4380 elementor-widget-jet-table\" data-id=\"100829c\" data-element_type=\"widget\" data-widget_type=\"jet-table.default\">\n\t\t\t\t<div class=\"elementor-widget-container\">\n\t\t\t\t\t<div class=\"elementor-jet-table jet-elements\">\n\t\t<div class=\"jet-table-wrapper\">\n\t\t\t<table class=\"jet-table jet-table--fa5-compat\">\n\t\t\t\t<thead class=\"jet-table__head\"><tr class=\"jet-table__head-row\"><th class=\"jet-table__cell elementor-repeater-item-2c27e1c jet-table__head-cell\" scope=\"col\"><div class=\"jet-table__cell-inner\"><div class=\"jet-table__cell-content\"><div class=\"jet-table__cell-text\">Studios<\/div><\/div><\/div><\/th><th class=\"jet-table__cell elementor-repeater-item-bd92e0a jet-table__head-cell\" scope=\"col\"><div class=\"jet-table__cell-inner\"><div class=\"jet-table__cell-content\"><div class=\"jet-table__cell-text\">5 giorni<\/div><\/div><\/div><\/th><th class=\"jet-table__cell elementor-repeater-item-dcbd489 jet-table__head-cell\" scope=\"col\"><div class=\"jet-table__cell-inner\"><div class=\"jet-table__cell-content\"><div class=\"jet-table__cell-text\">1 giorno<\/div><\/div><\/div><\/th><\/tr><\/thead>\n\t\t\t\t\t\t\t\t<tbody class=\"jet-table__body\"><tr class=\"jet-table__body-row elementor-repeater-item-5bfd8e7\"><td class=\"jet-table__cell elementor-repeater-item-1c54b53 jet-table__body-cell\"><div class=\"jet-table__cell-inner\"><div class=\"jet-table__cell-content\"><div class=\"jet-table__cell-text\">Lion Studio \u2013 Classico<\/div><\/div><\/div><\/td><td class=\"jet-table__cell elementor-repeater-item-19b90cb jet-table__body-cell\"><div class=\"jet-table__cell-inner\"><div class=\"jet-table__cell-content\"><div class=\"jet-table__cell-text\">2800\u20ac<\/div><\/div><\/div><\/td><td class=\"jet-table__cell elementor-repeater-item-058ee00 jet-table__body-cell\"><div class=\"jet-table__cell-inner\"><div class=\"jet-table__cell-content\"><div class=\"jet-table__cell-text\">620\u20ac<\/div><\/div><\/div><\/td><\/tr><tr class=\"jet-table__body-row elementor-repeater-item-d00e237\"><\/tr><tr class=\"jet-table__body-row elementor-repeater-item-20deae8\"><\/tr><tr class=\"jet-table__body-row elementor-repeater-item-aa0fc91\"><th class=\"jet-table__cell elementor-repeater-item-2526334 jet-table__head-cell\" colspan=\"3\" scope=\"row\"><div class=\"jet-table__cell-inner\"><div class=\"jet-table__cell-content\"><div class=\"jet-table__cell-text\">Pacchetto Giornaliero Catering<\/div><\/div><\/div><\/th><\/tr><tr class=\"jet-table__body-row elementor-repeater-item-94d1c03\"><td class=\"jet-table__cell elementor-repeater-item-cfa5fa7 jet-table__body-cell\"><div class=\"jet-table__cell-inner\"><div class=\"jet-table__cell-content\"><div class=\"jet-table__cell-text\">Colazione<\/div><\/div><\/div><\/td><td class=\"jet-table__cell elementor-repeater-item-df5c707 jet-table__body-cell\"><div class=\"jet-table__cell-inner\"><div class=\"jet-table__cell-content\"><div class=\"jet-table__cell-text\">50\u20ac P\/pers<\/div><\/div><\/div><\/td><td class=\"jet-table__cell elementor-repeater-item-2ce7e57 jet-table__body-cell\"><div class=\"jet-table__cell-inner\"><div class=\"jet-table__cell-content\"><div class=\"jet-table__cell-text\">10\u20ac <\/div><\/div><\/div><\/td><\/tr><tr class=\"jet-table__body-row elementor-repeater-item-50060d4\"><td class=\"jet-table__cell elementor-repeater-item-6aaca5c jet-table__body-cell\"><div class=\"jet-table__cell-inner\"><div class=\"jet-table__cell-content\"><div class=\"jet-table__cell-text\">Pranzo<\/div><\/div><\/div><\/td><td class=\"jet-table__cell elementor-repeater-item-7ca3ff1 jet-table__body-cell\"><div class=\"jet-table__cell-inner\"><div class=\"jet-table__cell-content\"><div class=\"jet-table__cell-text\">75\u20ac P\/pers<\/div><\/div><\/div><\/td><td class=\"jet-table__cell elementor-repeater-item-981baf4 jet-table__body-cell\"><div class=\"jet-table__cell-inner\"><div class=\"jet-table__cell-content\"><div class=\"jet-table__cell-text\">15\u20ac <\/div><\/div><\/div><\/td><\/tr><tr class=\"jet-table__body-row elementor-repeater-item-62960d0\"><td class=\"jet-table__cell elementor-repeater-item-feb55bc jet-table__body-cell\"><div class=\"jet-table__cell-inner\"><div class=\"jet-table__cell-content\"><div class=\"jet-table__cell-text\">Cena<\/div><\/div><\/div><\/td><td class=\"jet-table__cell elementor-repeater-item-dc8b428 jet-table__body-cell\"><div class=\"jet-table__cell-inner\"><div class=\"jet-table__cell-content\"><div class=\"jet-table__cell-text\">75\u20ac P\/pers<\/div><\/div><\/div><\/td><td class=\"jet-table__cell elementor-repeater-item-6872c69 jet-table__body-cell\"><div class=\"jet-table__cell-inner\"><div class=\"jet-table__cell-content\"><div class=\"jet-table__cell-text\">15\u20ac <\/div><\/div><\/div><\/td><\/tr><tr class=\"jet-table__body-row elementor-repeater-item-32a06b8\"><\/tr><\/tbody>\n\t\t\t<\/table>\n\t\t<\/div>\n\n\t\t<\/div>\t\t\t\t<\/div>\n\t\t\t\t<\/div>\n\t\t\t\t<div class=\"elementor-element elementor-element-38dce17 elementor-widget elementor-widget-text-editor\" data-id=\"38dce17\" data-element_type=\"widget\" data-widget_type=\"text-editor.default\">\n\t\t\t\t<div class=\"elementor-widget-container\">\n\t\t\t\t\t\t\t\t\t<p>Prezzo speciale per l'apertura, contattate info@lionstudios.com per effettuare la vostra prenotazione.<\/p>\t\t\t\t\t\t\t\t<\/div>\n\t\t\t\t<\/div>\n\t\t\t\t\t<\/div>\n\t\t\t\t<\/div>\n\t\t\t\t<\/div>","protected":false},"excerpt":{"rendered":"<p>Studio d\u2019enregistrement Studio &#038; H\u00e9bergement Inspiration dans une maison r\u00e9nov\u00e9e Bienvenue dans notre h\u00e9bergement exclusif, o\u00f9 la tranquillit\u00e9 et la cr\u00e9ativit\u00e9 se conjuguent dans un cadre unique. Situ\u00e9 dans une maison restaur\u00e9e avec go\u00fbt, cet espace offre une combinaison parfaite de confort moderne et de charme rustique. Con\u00e7u pour r\u00e9pondre aux besoins des artistes les [&hellip;]<\/p>","protected":false},"author":1,"featured_media":0,"parent":0,"menu_order":0,"comment_status":"closed","ping_status":"closed","template":"elementor_header_footer","meta":{"footnotes":""},"class_list":["post-3704","page","type-page","status-publish","hentry"],"_links":{"self":[{"href":"http:\/\/lionstudios.fr\/it\/wp-json\/wp\/v2\/pages\/3704","targetHints":{"allow":["GET"]}}],"collection":[{"href":"http:\/\/lionstudios.fr\/it\/wp-json\/wp\/v2\/pages"}],"about":[{"href":"http:\/\/lionstudios.fr\/it\/wp-json\/wp\/v2\/types\/page"}],"author":[{"embeddable":true,"href":"http:\/\/lionstudios.fr\/it\/wp-json\/wp\/v2\/users\/1"}],"replies":[{"embeddable":true,"href":"http:\/\/lionstudios.fr\/it\/wp-json\/wp\/v2\/comments?post=3704"}],"version-history":[{"count":37,"href":"http:\/\/lionstudios.fr\/it\/wp-json\/wp\/v2\/pages\/3704\/revisions"}],"predecessor-version":[{"id":4426,"href":"http:\/\/lionstudios.fr\/it\/wp-json\/wp\/v2\/pages\/3704\/revisions\/4426"}],"wp:attachment":[{"href":"http:\/\/lionstudios.fr\/it\/wp-json\/wp\/v2\/media?parent=3704"}],"curies":[{"name":"wp","href":"https:\/\/api.w.org\/{rel}","templated":true}]}}